{"id":59,"date":"2021-12-14T00:01:05","date_gmt":"2021-12-13T23:01:05","guid":{"rendered":"http:\/\/artalgie-creations.com\/?post_type=product&#038;p=59"},"modified":"2021-12-30T14:09:05","modified_gmt":"2021-12-30T13:09:05","slug":"bonnet-rose-orange-taille-xs","status":"publish","type":"product","link":"https:\/\/artalgie-creations.com\/index.php\/produit\/bonnet-rose-orange-taille-xs\/","title":{"rendered":"Bonnet Rose\/Orang\u00e9 &#8211; Taille XS"},"content":{"rendered":"<p>Ce bonnet en laine est doubl\u00e9 en polaire : vos oreilles sont \u00e0 l&#8217;abri du vent et \u00e7a ne pique pas !<\/p>\n<p>Composition :\u00a045% Laine vierge &#8211;\u00a055% Acrylique<\/p>\n<p>Doublure polaire<\/p>\n<p>&nbsp;<\/p>\n<p>R\u00e9f. 2021BL09<\/p>\n","protected":false},"excerpt":{"rendered":"<p>Bonnet en laine tricot\u00e9 \u00e0 la main en France, doubl\u00e9 en polaire<\/p>\n<p>Mod\u00e8le unique<\/p>\n","protected":false},"featured_media":99,"comment_status":"open","ping_status":"closed","template":"","meta":{"spay_email":""},"product_cat":[17],"product_tag":[],"yoast_head":"<!-- This site is optimized with the Yoast SEO plugin v17.9 - https:\/\/yoast.com\/wordpress\/plugins\/seo\/ -->\n<title>Bonnet Rose\/Orang\u00e9 - Taille XS - Artalgie Cr\u00e9ations<\/title>\n<meta name=\"robots\" content=\"index, follow, max-snippet:-1, max-image-preview:large, max-video-preview:-1\" \/>\n<link rel=\"canonical\" href=\"https:\/\/artalgie-creations.com\/index.php\/produit\/bonnet-rose-orange-taille-xs\/\" \/>\n<meta property=\"og:locale\" content=\"fr_FR\" \/>\n<meta property=\"og:type\" content=\"article\" \/>\n<meta property=\"og:title\" content=\"Bonnet Rose\/Orang\u00e9 - Taille XS - Artalgie Cr\u00e9ations\" \/>\n<meta property=\"og:description\" content=\"Bonnet en laine tricot\u00e9 \u00e0 la main en France, doubl\u00e9 en polaire  Mod\u00e8le unique\" \/>\n<meta property=\"og:url\" content=\"https:\/\/artalgie-creations.com\/index.php\/produit\/bonnet-rose-orange-taille-xs\/\" \/>\n<meta property=\"og:site_name\" content=\"Artalgie Cr\u00e9ations\" \/>\n<meta property=\"article:modified_time\" content=\"2021-12-30T13:09:05+00:00\" \/>\n<meta property=\"og:image\" content=\"https:\/\/artalgie-creations.com\/wp-content\/uploads\/2021\/12\/Artalgie_bonnet_laine_fait_main_2021BL09_web.jpg\" \/>\n\t<meta property=\"og:image:width\" content=\"800\" \/>\n\t<meta property=\"og:image:height\" content=\"800\" \/>\n\t<meta property=\"og:image:type\" content=\"image\/jpeg\" \/>\n<meta name=\"twitter:card\" content=\"summary_large_image\" \/>\n<script type=\"application\/ld+json\" class=\"yoast-schema-graph\">{\"@context\":\"https:\/\/schema.org\",\"@graph\":[{\"@type\":\"WebSite\",\"@id\":\"https:\/\/artalgie-creations.com\/#website\",\"url\":\"https:\/\/artalgie-creations.com\/\",\"name\":\"Artalgie Cr\\u00e9ations\",\"description\":\"Des fabrications artisanales fran\\u00e7aises\",\"potentialAction\":[{\"@type\":\"SearchAction\",\"target\":{\"@type\":\"EntryPoint\",\"urlTemplate\":\"https:\/\/artalgie-creations.com\/?s={search_term_string}\"},\"query-input\":\"required name=search_term_string\"}],\"inLanguage\":\"fr-FR\"},{\"@type\":\"ImageObject\",\"@id\":\"https:\/\/artalgie-creations.com\/index.php\/produit\/bonnet-rose-orange-taille-xs\/#primaryimage\",\"inLanguage\":\"fr-FR\",\"url\":\"https:\/\/artalgie-creations.com\/wp-content\/uploads\/2021\/12\/Artalgie_bonnet_laine_fait_main_2021BL09_web.jpg\",\"contentUrl\":\"https:\/\/artalgie-creations.com\/wp-content\/uploads\/2021\/12\/Artalgie_bonnet_laine_fait_main_2021BL09_web.jpg\",\"width\":800,\"height\":800},{\"@type\":\"WebPage\",\"@id\":\"https:\/\/artalgie-creations.com\/index.php\/produit\/bonnet-rose-orange-taille-xs\/#webpage\",\"url\":\"https:\/\/artalgie-creations.com\/index.php\/produit\/bonnet-rose-orange-taille-xs\/\",\"name\":\"Bonnet Rose\/Orang\\u00e9 - Taille XS - Artalgie Cr\\u00e9ations\",\"isPartOf\":{\"@id\":\"https:\/\/artalgie-creations.com\/#website\"},\"primaryImageOfPage\":{\"@id\":\"https:\/\/artalgie-creations.com\/index.php\/produit\/bonnet-rose-orange-taille-xs\/#primaryimage\"},\"datePublished\":\"2021-12-13T23:01:05+00:00\",\"dateModified\":\"2021-12-30T13:09:05+00:00\",\"breadcrumb\":{\"@id\":\"https:\/\/artalgie-creations.com\/index.php\/produit\/bonnet-rose-orange-taille-xs\/#breadcrumb\"},\"inLanguage\":\"fr-FR\",\"potentialAction\":[{\"@type\":\"ReadAction\",\"target\":[\"https:\/\/artalgie-creations.com\/index.php\/produit\/bonnet-rose-orange-taille-xs\/\"]}]},{\"@type\":\"BreadcrumbList\",\"@id\":\"https:\/\/artalgie-creations.com\/index.php\/produit\/bonnet-rose-orange-taille-xs\/#breadcrumb\",\"itemListElement\":[{\"@type\":\"ListItem\",\"position\":1,\"name\":\"Accueil\",\"item\":\"https:\/\/artalgie-creations.com\/\"},{\"@type\":\"ListItem\",\"position\":2,\"name\":\"Boutique\",\"item\":\"https:\/\/artalgie-creations.com\/index.php\/boutique\/\"},{\"@type\":\"ListItem\",\"position\":3,\"name\":\"Bonnet Rose\/Orang\\u00e9 &#8211; Taille XS\"}]}]}<\/script>\n<!-- \/ Yoast SEO plugin. -->","yoast_head_json":{"title":"Bonnet Rose\/Orang\u00e9 - Taille XS - Artalgie Cr\u00e9ations","robots":{"index":"index","follow":"follow","max-snippet":"max-snippet:-1","max-image-preview":"max-image-preview:large","max-video-preview":"max-video-preview:-1"},"canonical":"https:\/\/artalgie-creations.com\/index.php\/produit\/bonnet-rose-orange-taille-xs\/","og_locale":"fr_FR","og_type":"article","og_title":"Bonnet Rose\/Orang\u00e9 - Taille XS - Artalgie Cr\u00e9ations","og_description":"Bonnet en laine tricot\u00e9 \u00e0 la main en France, doubl\u00e9 en polaire  Mod\u00e8le unique","og_url":"https:\/\/artalgie-creations.com\/index.php\/produit\/bonnet-rose-orange-taille-xs\/","og_site_name":"Artalgie Cr\u00e9ations","article_modified_time":"2021-12-30T13:09:05+00:00","og_image":[{"width":800,"height":800,"url":"https:\/\/artalgie-creations.com\/wp-content\/uploads\/2021\/12\/Artalgie_bonnet_laine_fait_main_2021BL09_web.jpg","type":"image\/jpeg"}],"twitter_card":"summary_large_image","schema":{"@context":"https:\/\/schema.org","@graph":[{"@type":"WebSite","@id":"https:\/\/artalgie-creations.com\/#website","url":"https:\/\/artalgie-creations.com\/","name":"Artalgie Cr\u00e9ations","description":"Des fabrications artisanales fran\u00e7aises","potentialAction":[{"@type":"SearchAction","target":{"@type":"EntryPoint","urlTemplate":"https:\/\/artalgie-creations.com\/?s={search_term_string}"},"query-input":"required name=search_term_string"}],"inLanguage":"fr-FR"},{"@type":"ImageObject","@id":"https:\/\/artalgie-creations.com\/index.php\/produit\/bonnet-rose-orange-taille-xs\/#primaryimage","inLanguage":"fr-FR","url":"https:\/\/artalgie-creations.com\/wp-content\/uploads\/2021\/12\/Artalgie_bonnet_laine_fait_main_2021BL09_web.jpg","contentUrl":"https:\/\/artalgie-creations.com\/wp-content\/uploads\/2021\/12\/Artalgie_bonnet_laine_fait_main_2021BL09_web.jpg","width":800,"height":800},{"@type":"WebPage","@id":"https:\/\/artalgie-creations.com\/index.php\/produit\/bonnet-rose-orange-taille-xs\/#webpage","url":"https:\/\/artalgie-creations.com\/index.php\/produit\/bonnet-rose-orange-taille-xs\/","name":"Bonnet Rose\/Orang\u00e9 - Taille XS - Artalgie Cr\u00e9ations","isPartOf":{"@id":"https:\/\/artalgie-creations.com\/#website"},"primaryImageOfPage":{"@id":"https:\/\/artalgie-creations.com\/index.php\/produit\/bonnet-rose-orange-taille-xs\/#primaryimage"},"datePublished":"2021-12-13T23:01:05+00:00","dateModified":"2021-12-30T13:09:05+00:00","breadcrumb":{"@id":"https:\/\/artalgie-creations.com\/index.php\/produit\/bonnet-rose-orange-taille-xs\/#breadcrumb"},"inLanguage":"fr-FR","potentialAction":[{"@type":"ReadAction","target":["https:\/\/artalgie-creations.com\/index.php\/produit\/bonnet-rose-orange-taille-xs\/"]}]},{"@type":"BreadcrumbList","@id":"https:\/\/artalgie-creations.com\/index.php\/produit\/bonnet-rose-orange-taille-xs\/#breadcrumb","itemListElement":[{"@type":"ListItem","position":1,"name":"Accueil","item":"https:\/\/artalgie-creations.com\/"},{"@type":"ListItem","position":2,"name":"Boutique","item":"https:\/\/artalgie-creations.com\/index.php\/boutique\/"},{"@type":"ListItem","position":3,"name":"Bonnet Rose\/Orang\u00e9 &#8211; Taille XS"}]}]}},"_links":{"self":[{"href":"https:\/\/artalgie-creations.com\/index.php\/wp-json\/wp\/v2\/product\/59"}],"collection":[{"href":"https:\/\/artalgie-creations.com\/index.php\/wp-json\/wp\/v2\/product"}],"about":[{"href":"https:\/\/artalgie-creations.com\/index.php\/wp-json\/wp\/v2\/types\/product"}],"replies":[{"embeddable":true,"href":"https:\/\/artalgie-creations.com\/index.php\/wp-json\/wp\/v2\/comments?post=59"}],"wp:featuredmedia":[{"embeddable":true,"href":"https:\/\/artalgie-creations.com\/index.php\/wp-json\/wp\/v2\/media\/99"}],"wp:attachment":[{"href":"https:\/\/artalgie-creations.com\/index.php\/wp-json\/wp\/v2\/media?parent=59"}],"wp:term":[{"taxonomy":"product_cat","embeddable":true,"href":"https:\/\/artalgie-creations.com\/index.php\/wp-json\/wp\/v2\/product_cat?post=59"},{"taxonomy":"product_tag","embeddable":true,"href":"https:\/\/artalgie-creations.com\/index.php\/wp-json\/wp\/v2\/product_tag?post=59"}],"curies":[{"name":"wp","href":"https:\/\/api.w.org\/{rel}","templated":true}]}}